{"id":28,"date":"2019-12-26T23:16:19","date_gmt":"2019-12-26T23:16:19","guid":{"rendered":"http:\/\/www.huoltokotka.fi\/?page_id=28"},"modified":"2026-03-11T07:18:34","modified_gmt":"2026-03-11T07:18:34","slug":"tietoja","status":"publish","type":"page","link":"http:\/\/www.huoltokotka.fi\/index.php\/tietoja\/","title":{"rendered":"Henkil\u00f6kunta"},"content":{"rendered":"\n<ul class=\"has-black-color has-text-color\"><li><strong>Yritt\u00e4j\u00e4<\/strong><ul><li>Niina Oksman, 0400 982 062     Jari Oksman, 0400 982 061<\/li><\/ul><\/li><li>Huoltop\u00e4\u00e4llikk\u00f6<ul><li>Jouni Koli  0400 982 063   jouni.koli@huoltokotka.fi<\/li><\/ul><\/li><\/ul>\n\n\n\n<ul><li><strong>Ty\u00f6njohto<\/strong><ul><li>Kiinteist\u00f6huolto Kimmo Kilpel\u00e4inen  044 758 2068<\/li><li>Siivous Sini Halme               0440 451 235<\/li><\/ul><\/li><\/ul>\n\n\n\n<ul><li><strong>Kiinteist\u00f6nhoitajat<\/strong><ul><li>Antti Joukainen , 0400 982 064<\/li><li>Jani Oksman, 0400 982 065<\/li><li>Mikko Himanen , 0400 982 066<\/li><li>Tomi Korpi, 0400 982 067<\/li><\/ul><ul><li>Timo Leinonen, 044 743 4537<\/li><li>Seppo Harju, 044 760 1200<\/li><li>Petri Heikkil\u00e4, 044 783 1219<\/li><li>Jouni Heikkil\u00e4, 044 9019 300<\/li><li>Santeri Lyytik\u00e4inen 044 720 3333<\/li><li>Jari Taskinen 044 725 9366  (Hamina)<\/li><\/ul><\/li><\/ul>\n\n\n\n<ul><li><strong>Ulkoalueet<\/strong><ul><li>Simo Halme \/ Joni Suomela<\/li><\/ul><\/li><\/ul>\n\n\n\n<ul><li><strong>Siistij\u00e4t<\/strong><ul><li>Jaana Apo<\/li><\/ul><ul><li>Pia Suur-Uski<\/li><\/ul><ul><li>Reija Lavonen<\/li><\/ul><ul><li>Outi Anttila<\/li><li>Eija Matilainen<\/li><li>Miia V\u00e4is\u00e4nen<\/li><li>Katja Yl\u00e4m\u00e4ki <\/li><li>Kati Rosenblad<\/li><li>Vilma Hedin<\/li><li>Ebba Kaurio ja Merja R\u00e4s\u00e4nen<\/li><\/ul><\/li><\/ul>\n\n\n\n<p><\/p>\n","protected":false},"excerpt":{"rendered":"<p>Yritt\u00e4j\u00e4 Niina Oksman, 0400 982 062 Jari Oksman, 0400 982 061 Huoltop\u00e4\u00e4llikk\u00f6 Jouni Koli 0400 982 063 jouni.koli@huoltokotka.fi Ty\u00f6njohto Kiinteist\u00f6huolto Kimmo Kilpel\u00e4inen 044 758 2068 Siivous Sini Halme 0440 451 &#8230;<\/p>\n","protected":false},"author":1,"featured_media":0,"parent":0,"menu_order":0,"comment_status":"closed","ping_status":"closed","template":"","meta":[],"_links":{"self":[{"href":"http:\/\/www.huoltokotka.fi\/index.php\/wp-json\/wp\/v2\/pages\/28"}],"collection":[{"href":"http:\/\/www.huoltokotka.fi\/index.php\/wp-json\/wp\/v2\/pages"}],"about":[{"href":"http:\/\/www.huoltokotka.fi\/index.php\/wp-json\/wp\/v2\/types\/page"}],"author":[{"embeddable":true,"href":"http:\/\/www.huoltokotka.fi\/index.php\/wp-json\/wp\/v2\/users\/1"}],"replies":[{"embeddable":true,"href":"http:\/\/www.huoltokotka.fi\/index.php\/wp-json\/wp\/v2\/comments?post=28"}],"version-history":[{"count":20,"href":"http:\/\/www.huoltokotka.fi\/index.php\/wp-json\/wp\/v2\/pages\/28\/revisions"}],"predecessor-version":[{"id":144,"href":"http:\/\/www.huoltokotka.fi\/index.php\/wp-json\/wp\/v2\/pages\/28\/revisions\/144"}],"wp:attachment":[{"href":"http:\/\/www.huoltokotka.fi\/index.php\/wp-json\/wp\/v2\/media?parent=28"}],"curies":[{"name":"wp","href":"https:\/\/api.w.org\/{rel}","templated":true}]}}