{"id":57,"date":"2019-12-26T23:34:20","date_gmt":"2019-12-26T23:34:20","guid":{"rendered":"http:\/\/www.huoltokotka.fi\/?page_id=57"},"modified":"2024-04-26T10:09:18","modified_gmt":"2024-04-26T10:09:18","slug":"etusivu","status":"publish","type":"page","link":"http:\/\/www.huoltokotka.fi\/","title":{"rendered":"Etusivu"},"content":{"rendered":"\n<figure class=\"wp-block-image size-large is-style-default\"><img loading=\"lazy\" width=\"2560\" height=\"1440\" src=\"https:\/\/www.huoltokotka.fi\/wp-content\/uploads\/2023\/05\/5743ec9e-9775-4e4a-af5d-d3ee122025f9-edited-1-scaled.jpg\" alt=\"\" class=\"wp-image-112\" srcset=\"http:\/\/www.huoltokotka.fi\/wp-content\/uploads\/2023\/05\/5743ec9e-9775-4e4a-af5d-d3ee122025f9-edited-1-scaled.jpg 2560w, http:\/\/www.huoltokotka.fi\/wp-content\/uploads\/2023\/05\/5743ec9e-9775-4e4a-af5d-d3ee122025f9-edited-1-300x169.jpg 300w, http:\/\/www.huoltokotka.fi\/wp-content\/uploads\/2023\/05\/5743ec9e-9775-4e4a-af5d-d3ee122025f9-edited-1-1024x576.jpg 1024w, http:\/\/www.huoltokotka.fi\/wp-content\/uploads\/2023\/05\/5743ec9e-9775-4e4a-af5d-d3ee122025f9-edited-1-768x432.jpg 768w, http:\/\/www.huoltokotka.fi\/wp-content\/uploads\/2023\/05\/5743ec9e-9775-4e4a-af5d-d3ee122025f9-edited-1-1536x864.jpg 1536w, http:\/\/www.huoltokotka.fi\/wp-content\/uploads\/2023\/05\/5743ec9e-9775-4e4a-af5d-d3ee122025f9-edited-1-2048x1152.jpg 2048w\" sizes=\"(max-width: 2560px) 100vw, 2560px\" \/><\/figure>\n\n\n\n<h2>Kiinteist\u00f6nhoito ja siivouspalvelut<\/h2>\n\n\n\n<p>Olemme paikallinen kiinteist\u00f6nhoitoyritys jo vuodesta 1990. Tarjoamme laadukasta kiinteist\u00f6nhoitoa ja siivouspalveluita palvelukuvauksen mukaisella laatutasolla. Koulutamme henkil\u00f6kuntaa palvelutason takaamiseksi.<\/p>\n\n\n\n<p>Yrityksell\u00e4mme on k\u00e4yt\u00f6ss\u00e4 monipuolinen kiinteist\u00f6nhoitokalusto jotka on suunniteltu kiinteist\u00f6huollon teht\u00e4viin ja huollettu s\u00e4\u00e4nn\u00f6llisesti joita uusitaan tarvittaessa. Meill\u00e4 on k\u00e4yt\u00f6ss\u00e4 s\u00e4hk\u00f6inen huoltokirja AVUX, jonka avulla on helppo seurata asiakkaidemme palvelupyynt\u00f6j\u00e4. Meill\u00e4 on k\u00e4yt\u00f6ss\u00e4 GPS seurannan sijasta AVUXIN oma hiekoitus ja aurausp\u00e4iv\u00e4kirja, j\u00e4rjestelm\u00e4 kertoo kohtee ja ajan.<\/p>\n\n\n\n<p>Vakituista henkil\u00f6kuntaa on n. 25 joista kiinteist\u00f6nhoitajia on 12 ja 2 ty\u00f6njohtajaa. Henkil\u00f6tuuraukset hoidamme yrityksen sis\u00e4isesti kuitenkin palvelutasoa heikent\u00e4m\u00e4tt\u00e4.<\/p>\n","protected":false},"excerpt":{"rendered":"<p>Kiinteist\u00f6nhoito ja siivouspalvelut Olemme paikallinen kiinteist\u00f6nhoitoyritys jo vuodesta 1990. Tarjoamme laadukasta kiinteist\u00f6nhoitoa ja siivouspalveluita palvelukuvauksen mukaisella laatutasolla. Koulutamme henkil\u00f6kuntaa palvelutason takaamiseksi. Yrityksell\u00e4mme on k\u00e4yt\u00f6ss\u00e4 monipuolinen kiinteist\u00f6nhoitokalusto jotka on suunniteltu kiinteist\u00f6huollon &#8230;<\/p>\n","protected":false},"author":1,"featured_media":0,"parent":0,"menu_order":0,"comment_status":"closed","ping_status":"closed","template":"","meta":[],"_links":{"self":[{"href":"http:\/\/www.huoltokotka.fi\/index.php\/wp-json\/wp\/v2\/pages\/57"}],"collection":[{"href":"http:\/\/www.huoltokotka.fi\/index.php\/wp-json\/wp\/v2\/pages"}],"about":[{"href":"http:\/\/www.huoltokotka.fi\/index.php\/wp-json\/wp\/v2\/types\/page"}],"author":[{"embeddable":true,"href":"http:\/\/www.huoltokotka.fi\/index.php\/wp-json\/wp\/v2\/users\/1"}],"replies":[{"embeddable":true,"href":"http:\/\/www.huoltokotka.fi\/index.php\/wp-json\/wp\/v2\/comments?post=57"}],"version-history":[{"count":11,"href":"http:\/\/www.huoltokotka.fi\/index.php\/wp-json\/wp\/v2\/pages\/57\/revisions"}],"predecessor-version":[{"id":118,"href":"http:\/\/www.huoltokotka.fi\/index.php\/wp-json\/wp\/v2\/pages\/57\/revisions\/118"}],"wp:attachment":[{"href":"http:\/\/www.huoltokotka.fi\/index.php\/wp-json\/wp\/v2\/media?parent=57"}],"curies":[{"name":"wp","href":"https:\/\/api.w.org\/{rel}","templated":true}]}}